{"id":136,"date":"2017-03-18T00:30:34","date_gmt":"2017-03-17T23:30:34","guid":{"rendered":"http:\/\/jaw-trans.pl\/?page_id=136"},"modified":"2017-03-18T00:30:34","modified_gmt":"2017-03-17T23:30:34","slug":"bova","status":"publish","type":"page","link":"http:\/\/jaw-trans.pl\/index.php\/bova\/","title":{"rendered":"Bova"},"content":{"rendered":"<p style=\"text-align: center;\"><img loading=\"lazy\" decoding=\"async\" class=\"alignnone size-full wp-image-44\" src=\"http:\/\/jaw-trans.pl\/wp-content\/uploads\/2017\/03\/jawtrans-1.png\" alt=\"\" width=\"315\" height=\"90\" srcset=\"http:\/\/jaw-trans.pl\/wp-content\/uploads\/2017\/03\/jawtrans-1.png 315w, http:\/\/jaw-trans.pl\/wp-content\/uploads\/2017\/03\/jawtrans-1-300x86.png 300w\" sizes=\"auto, (max-width: 315px) 100vw, 315px\" \/><\/p>\n<p style=\"text-align: center;\">\n<p><strong>BOVA (86 miejsc)<br \/>\n<\/strong><\/p>\n<p style=\"text-align: justify;\"><strong>Wyposa\u017cenie<\/strong>: video, WC, lod\u00f3wka, caffebar, kabina sypialna, o\u015bwietlenie indywidualne, nawiewy dyszowe, siateczki, ABS, ASR, tempomat, retarder, telefon, CD, podn\u00f3\u017cki, stoliczki, mikrofon, klimatyzacja, radio, regulacja wysoko\u015bci nadwozia, podw\u00f3jne szyby boczne, wspomaganie kierownicy, elektryczne lusterka, fotele odchylane i rozsuwane, DVD, ogrzewanie stacjonarne, hak holowniczy, ESP<\/p>\n\n","protected":false},"excerpt":{"rendered":"<p>BOVA (86 miejsc) Wyposa\u017cenie: video, WC, lod\u00f3wka, caffebar, kabina sypialna, o\u015bwietlenie indywidualne, nawiewy dyszowe, siateczki, ABS, ASR, tempomat, retarder, telefon, CD, podn\u00f3\u017cki, stoliczki, mikrofon, klimatyzacja, radio, regulacja wysoko\u015bci nadwozia, podw\u00f3jne szyby boczne,<a class=\"moretag\" href=\"http:\/\/jaw-trans.pl\/index.php\/bova\/\">Read More&#8230;<\/a><\/p>\n","protected":false},"author":1,"featured_media":0,"parent":0,"menu_order":0,"comment_status":"closed","ping_status":"closed","template":"","meta":{"footnotes":""},"class_list":["post-136","page","type-page","status-publish","hentry"],"_links":{"self":[{"href":"http:\/\/jaw-trans.pl\/index.php\/wp-json\/wp\/v2\/pages\/136","targetHints":{"allow":["GET"]}}],"collection":[{"href":"http:\/\/jaw-trans.pl\/index.php\/wp-json\/wp\/v2\/pages"}],"about":[{"href":"http:\/\/jaw-trans.pl\/index.php\/wp-json\/wp\/v2\/types\/page"}],"author":[{"embeddable":true,"href":"http:\/\/jaw-trans.pl\/index.php\/wp-json\/wp\/v2\/users\/1"}],"replies":[{"embeddable":true,"href":"http:\/\/jaw-trans.pl\/index.php\/wp-json\/wp\/v2\/comments?post=136"}],"version-history":[{"count":1,"href":"http:\/\/jaw-trans.pl\/index.php\/wp-json\/wp\/v2\/pages\/136\/revisions"}],"predecessor-version":[{"id":153,"href":"http:\/\/jaw-trans.pl\/index.php\/wp-json\/wp\/v2\/pages\/136\/revisions\/153"}],"wp:attachment":[{"href":"http:\/\/jaw-trans.pl\/index.php\/wp-json\/wp\/v2\/media?parent=136"}],"curies":[{"name":"wp","href":"https:\/\/api.w.org\/{rel}","templated":true}]}}