{"id":169,"date":"2017-03-18T01:01:28","date_gmt":"2017-03-18T00:01:28","guid":{"rendered":"http:\/\/jaw-trans.pl\/?page_id=169"},"modified":"2024-02-15T22:14:38","modified_gmt":"2024-02-15T21:14:38","slug":"cennik","status":"publish","type":"page","link":"http:\/\/jaw-trans.pl\/index.php\/cennik\/","title":{"rendered":"CENNIK"},"content":{"rendered":"<p style=\"text-align: center;\"><img loading=\"lazy\" decoding=\"async\" class=\"alignnone size-full wp-image-44\" src=\"http:\/\/jaw-trans.pl\/wp-content\/uploads\/2017\/03\/jawtrans-1.png\" alt=\"\" width=\"315\" height=\"90\" srcset=\"http:\/\/jaw-trans.pl\/wp-content\/uploads\/2017\/03\/jawtrans-1.png 315w, http:\/\/jaw-trans.pl\/wp-content\/uploads\/2017\/03\/jawtrans-1-300x86.png 300w\" sizes=\"auto, (max-width: 315px) 100vw, 315px\" \/><\/p>\n<p style=\"text-align: center;\"><span style=\"color: #000000;\"><strong>&#8222;Z nami dojedziesz Tam, gdzie zechcesz&#8230;&#8221;<\/strong><\/span><\/p>\n<p style=\"text-align: justify;\">Ca\u0142y czas poprzez dynamiczny rozw\u00f3j rozszerzali\u015bmy zakres naszych us\u0142ug. Mo\u017cemy zaproponowa\u0107 naszym klientom kompleksow\u0105 us\u0142ug\u0119 <strong>przewozu os\u00f3b<\/strong> w kraju i za granic\u0105, dla klient\u00f3w indywidualnych i biznesowych. Istniejemy, gdy\u017c s\u0105 klienci przywi\u0105zuj\u0105cy wag\u0119 do <strong>wysokiej jako\u015bci us\u0142ug<\/strong> w podr\u00f3\u017cach s\u0142u\u017cbowych i prywatnych, dla kt\u00f3rych liczy si\u0119 czas, bezpiecze\u0144stwo, mi\u0142a obs\u0142uga i <strong>komfort podr\u00f3\u017cy<\/strong>.<\/p>\n<p><strong>ZAPEWNIAMY<\/strong>:<br \/>\n&#8211; dobrze wyposa\u017cone, klimatyzowane autobusy i minibusy<br \/>\n&#8211; kwalifikacje (certyfikat i licencja na mi\u0119dzynarodowy przew\u00f3z os\u00f3b)<br \/>\n&#8211; nienaganny stan techniczny pojazd\u00f3w<br \/>\n<span style=\"color: #000000;\">&#8211; <strong>mo\u017cliwo\u015b\u0107 negocjacji cen<\/strong><\/span><\/p>\n<p><strong>NASZE ATUTY<\/strong>:<br \/>\n&#8211; dyspozycyjno\u015b\u0107 24h na dob\u0119<br \/>\n&#8211; do\u015bwiadczeni kierowcy<br \/>\n&#8211; solidno\u015b\u0107 i szybko\u015b\u0107 dzia\u0142ania<br \/>\n&#8211; odleg\u0142o\u015b\u0107 nie stanowi dla nas problemu<\/p>\n<p>Ka\u017cdy wyjazd wyceniany jest indywidualnie. Wszelkich informacji dotycz\u0105cych wyceny oraz \u00a0dost\u0119pno\u015bci konkretnych aut dowiedz\u0105 si\u0119 pa\u0144stwo dzwoni\u0105c pod numer tel:\u00a0<span style=\"color: #000000;\"><strong>662-119-140<\/strong><\/span><span style=\"color: #333399;\"><strong><br \/>\n<\/strong><\/span><\/p>\n","protected":false},"excerpt":{"rendered":"<p>&#8222;Z nami dojedziesz Tam, gdzie zechcesz&#8230;&#8221; Ca\u0142y czas poprzez dynamiczny rozw\u00f3j rozszerzali\u015bmy zakres naszych us\u0142ug. Mo\u017cemy zaproponowa\u0107 naszym klientom kompleksow\u0105 us\u0142ug\u0119 przewozu os\u00f3b w kraju i za granic\u0105, dla klient\u00f3w indywidualnych i<a class=\"moretag\" href=\"http:\/\/jaw-trans.pl\/index.php\/cennik\/\">Read More&#8230;<\/a><\/p>\n","protected":false},"author":1,"featured_media":0,"parent":0,"menu_order":0,"comment_status":"closed","ping_status":"closed","template":"","meta":{"footnotes":""},"class_list":["post-169","page","type-page","status-publish","hentry"],"_links":{"self":[{"href":"http:\/\/jaw-trans.pl\/index.php\/wp-json\/wp\/v2\/pages\/169","targetHints":{"allow":["GET"]}}],"collection":[{"href":"http:\/\/jaw-trans.pl\/index.php\/wp-json\/wp\/v2\/pages"}],"about":[{"href":"http:\/\/jaw-trans.pl\/index.php\/wp-json\/wp\/v2\/types\/page"}],"author":[{"embeddable":true,"href":"http:\/\/jaw-trans.pl\/index.php\/wp-json\/wp\/v2\/users\/1"}],"replies":[{"embeddable":true,"href":"http:\/\/jaw-trans.pl\/index.php\/wp-json\/wp\/v2\/comments?post=169"}],"version-history":[{"count":6,"href":"http:\/\/jaw-trans.pl\/index.php\/wp-json\/wp\/v2\/pages\/169\/revisions"}],"predecessor-version":[{"id":504,"href":"http:\/\/jaw-trans.pl\/index.php\/wp-json\/wp\/v2\/pages\/169\/revisions\/504"}],"wp:attachment":[{"href":"http:\/\/jaw-trans.pl\/index.php\/wp-json\/wp\/v2\/media?parent=169"}],"curies":[{"name":"wp","href":"https:\/\/api.w.org\/{rel}","templated":true}]}}