{"id":178,"date":"2017-03-18T01:12:38","date_gmt":"2017-03-18T00:12:38","guid":{"rendered":"http:\/\/jaw-trans.pl\/?page_id=178"},"modified":"2017-03-19T08:14:49","modified_gmt":"2017-03-19T07:14:49","slug":"dokumenty","status":"publish","type":"page","link":"http:\/\/jaw-trans.pl\/index.php\/dokumenty\/","title":{"rendered":"DOKUMENTY"},"content":{"rendered":"<h3 style=\"text-align: center;\"><span style=\"color: #333399;\"><strong>Certyfikaty<\/strong><\/span><\/h3>\n<h3 style=\"text-align: center;\">Certyfikat na przew\u00f3z Os\u00f3b :<\/h3>\n<p style=\"text-align: center;\"><img loading=\"lazy\" decoding=\"async\" class=\"aligncenter size-large wp-image-180\" src=\"http:\/\/jaw-trans.pl\/wp-content\/uploads\/2017\/03\/certificate_people-731x1024.jpg\" alt=\"\" width=\"604\" height=\"846\" srcset=\"http:\/\/jaw-trans.pl\/wp-content\/uploads\/2017\/03\/certificate_people-731x1024.jpg 731w, http:\/\/jaw-trans.pl\/wp-content\/uploads\/2017\/03\/certificate_people-214x300.jpg 214w, http:\/\/jaw-trans.pl\/wp-content\/uploads\/2017\/03\/certificate_people-768x1076.jpg 768w, http:\/\/jaw-trans.pl\/wp-content\/uploads\/2017\/03\/certificate_people.jpg 1589w\" sizes=\"auto, (max-width: 604px) 100vw, 604px\" \/><\/p>\n<h3 style=\"text-align: center;\">Certyfikat przew\u00f3z Rzeczy:<\/h3>\n<p style=\"text-align: center;\"><img loading=\"lazy\" decoding=\"async\" class=\"aligncenter size-large wp-image-179\" src=\"http:\/\/jaw-trans.pl\/wp-content\/uploads\/2017\/03\/certificate_goods-746x1024.jpg\" alt=\"\" width=\"604\" height=\"829\" srcset=\"http:\/\/jaw-trans.pl\/wp-content\/uploads\/2017\/03\/certificate_goods-746x1024.jpg 746w, http:\/\/jaw-trans.pl\/wp-content\/uploads\/2017\/03\/certificate_goods-219x300.jpg 219w, http:\/\/jaw-trans.pl\/wp-content\/uploads\/2017\/03\/certificate_goods-768x1054.jpg 768w, http:\/\/jaw-trans.pl\/wp-content\/uploads\/2017\/03\/certificate_goods.jpg 1595w\" sizes=\"auto, (max-width: 604px) 100vw, 604px\" \/><\/p>\n<h3 style=\"text-align: center;\"><span style=\"color: #333399;\"><strong>Licencje<\/strong><\/span><\/h3>\n<h3 style=\"text-align: center;\">Licencja na wykonywanie krajowego transportu drogowego os\u00f3b:<\/h3>\n<h3 style=\"text-align: center;\"><img loading=\"lazy\" decoding=\"async\" class=\"aligncenter size-large wp-image-181\" src=\"http:\/\/jaw-trans.pl\/wp-content\/uploads\/2017\/03\/licence-745x1024.jpg\" alt=\"\" width=\"604\" height=\"830\" srcset=\"http:\/\/jaw-trans.pl\/wp-content\/uploads\/2017\/03\/licence-745x1024.jpg 745w, http:\/\/jaw-trans.pl\/wp-content\/uploads\/2017\/03\/licence-218x300.jpg 218w, http:\/\/jaw-trans.pl\/wp-content\/uploads\/2017\/03\/licence-768x1056.jpg 768w, http:\/\/jaw-trans.pl\/wp-content\/uploads\/2017\/03\/licence.jpg 1700w\" sizes=\"auto, (max-width: 604px) 100vw, 604px\" \/><\/h3>\n<h3 style=\"text-align: center;\">Licencja dotycz\u0105ca mi\u0119dzynarodowego przewozu os\u00f3b autobusami:<\/h3>\n<p style=\"text-align: center;\"><img loading=\"lazy\" decoding=\"async\" class=\"aligncenter size-large wp-image-182\" src=\"http:\/\/jaw-trans.pl\/wp-content\/uploads\/2017\/03\/licence_international-745x1024.jpg\" alt=\"\" width=\"604\" height=\"830\" srcset=\"http:\/\/jaw-trans.pl\/wp-content\/uploads\/2017\/03\/licence_international-745x1024.jpg 745w, http:\/\/jaw-trans.pl\/wp-content\/uploads\/2017\/03\/licence_international-218x300.jpg 218w, http:\/\/jaw-trans.pl\/wp-content\/uploads\/2017\/03\/licence_international-768x1056.jpg 768w, http:\/\/jaw-trans.pl\/wp-content\/uploads\/2017\/03\/licence_international.jpg 1700w\" sizes=\"auto, (max-width: 604px) 100vw, 604px\" \/><\/p>\n<h3 style=\"text-align: center;\">Licencja dotycz\u0105ca mi\u0119dzynarodowego przewozu os\u00f3b samochodami osobowymi:<\/h3>\n<p style=\"text-align: center;\"><img loading=\"lazy\" decoding=\"async\" class=\"aligncenter size-large wp-image-183\" src=\"http:\/\/jaw-trans.pl\/wp-content\/uploads\/2017\/03\/licence_international_car-745x1024.jpg\" alt=\"\" width=\"604\" height=\"830\" srcset=\"http:\/\/jaw-trans.pl\/wp-content\/uploads\/2017\/03\/licence_international_car-745x1024.jpg 745w, http:\/\/jaw-trans.pl\/wp-content\/uploads\/2017\/03\/licence_international_car-218x300.jpg 218w, http:\/\/jaw-trans.pl\/wp-content\/uploads\/2017\/03\/licence_international_car-768x1056.jpg 768w, http:\/\/jaw-trans.pl\/wp-content\/uploads\/2017\/03\/licence_international_car.jpg 1349w\" sizes=\"auto, (max-width: 604px) 100vw, 604px\" \/><\/p>\n","protected":false},"excerpt":{"rendered":"<p>Certyfikaty Certyfikat na przew\u00f3z Os\u00f3b : Certyfikat przew\u00f3z Rzeczy: Licencje Licencja na wykonywanie krajowego transportu drogowego os\u00f3b: Licencja dotycz\u0105ca mi\u0119dzynarodowego przewozu os\u00f3b autobusami: Licencja dotycz\u0105ca mi\u0119dzynarodowego przewozu os\u00f3b samochodami osobowymi:<\/p>\n","protected":false},"author":1,"featured_media":0,"parent":0,"menu_order":0,"comment_status":"closed","ping_status":"closed","template":"","meta":{"footnotes":""},"class_list":["post-178","page","type-page","status-publish","hentry"],"_links":{"self":[{"href":"http:\/\/jaw-trans.pl\/index.php\/wp-json\/wp\/v2\/pages\/178","targetHints":{"allow":["GET"]}}],"collection":[{"href":"http:\/\/jaw-trans.pl\/index.php\/wp-json\/wp\/v2\/pages"}],"about":[{"href":"http:\/\/jaw-trans.pl\/index.php\/wp-json\/wp\/v2\/types\/page"}],"author":[{"embeddable":true,"href":"http:\/\/jaw-trans.pl\/index.php\/wp-json\/wp\/v2\/users\/1"}],"replies":[{"embeddable":true,"href":"http:\/\/jaw-trans.pl\/index.php\/wp-json\/wp\/v2\/comments?post=178"}],"version-history":[{"count":2,"href":"http:\/\/jaw-trans.pl\/index.php\/wp-json\/wp\/v2\/pages\/178\/revisions"}],"predecessor-version":[{"id":206,"href":"http:\/\/jaw-trans.pl\/index.php\/wp-json\/wp\/v2\/pages\/178\/revisions\/206"}],"wp:attachment":[{"href":"http:\/\/jaw-trans.pl\/index.php\/wp-json\/wp\/v2\/media?parent=178"}],"curies":[{"name":"wp","href":"https:\/\/api.w.org\/{rel}","templated":true}]}}